{"id":272,"date":"2019-11-14T21:08:08","date_gmt":"2019-11-14T21:08:08","guid":{"rendered":"https:\/\/emso.progressionstudios.com\/?page_id=22"},"modified":"2024-04-24T15:30:05","modified_gmt":"2024-04-24T12:30:05","slug":"contact-2","status":"publish","type":"page","link":"https:\/\/adnmobilya.com\/index.php\/contact-2\/","title":{"rendered":"\u0130leti\u015fim"},"content":{"rendered":"<style>\/*! elementor - v3.6.6 - 08-06-2022 *\/<br \/>\n.elementor-heading-title{padding:0;margin:0;line-height:1}.elementor-widget-heading .elementor-heading-title[class*=elementor-size-]>a{color:inherit;font-size:inherit;line-height:inherit}.elementor-widget-heading .elementor-heading-title.elementor-size-small{font-size:15px}.elementor-widget-heading .elementor-heading-title.elementor-size-medium{font-size:19px}.elementor-widget-heading .elementor-heading-title.elementor-size-large{font-size:29px}.elementor-widget-heading .elementor-heading-title.elementor-size-xl{font-size:39px}.elementor-widget-heading .elementor-heading-title.elementor-size-xxl{font-size:59px}<\/style>\n<h2>Adres<\/h2>\n<h3>Erci\u015f Yolu Seyrantepe mah. Do\u011fu toptanc\u0131lar sitesi G blok no:13 TU\u015eBA \/ VAN<\/h3>\n<h2>Phone<\/h2>\n<h6><strong>Whatsapp \u0130leti\u015fim:<\/strong><\/h6>\n<h4>\u00a0<a style=\"color: #1a0dab; -webkit-tap-highlight-color: rgba(0, 0, 0, 0.1); outline-style: initial; outline-width: 0px;\" href=\"https:\/\/www.google.com\/search?q=adn+mobilya&amp;stick=H4sIAAAAAAAAAONgU1I1qDAxMDQyT0o2MDA3SkpNSzK2MqgwTko0TkuxME00NTVPsjRIWcTKnZiSp5Cbn5SZU5kIAP9FY383AAAA&amp;hl=tr&amp;mat=CbktnFNKP3FYElcBNqvzOuG9lhxo7UcNOZFCYstsJDadhlKckfZX5Xnvz8tKD-F5ooaHLZiJjhWmJwGu-AS2XIDKQHfJBmsRjDboowHCYjtD-LecfITZA4t7Rj7h1npkC4E&amp;authuser=0#\" data-dtype=\"d3ph\" data-local-attribute=\"d3ph\" data-ved=\"2ahUKEwjBgY3Q4KP5AhW_VfEDHaFSA9oQkAgoAHoECGIQAw\">0535 232 79 46<\/a><\/h4>\n<h2>Email<\/h2>\n<h3>adnantas12@gmail.com<\/h3>\n<p><iframe loading=\"lazy\" style=\"border: 0;\" src=\"https:\/\/www.google.com\/maps\/embed?pb=!1m14!1m12!1m3!1d463.9610489586599!2d43.36390208059852!3d38.530414910079166!2m3!1f0!2f0!3f0!3m2!1i1024!2i768!4f13.1!5e0!3m2!1str!2str!4v1659292252018!5m2!1str!2str\" width=\"600\" height=\"450\" allowfullscreen=\"allowfullscreen\"><\/iframe><br \/>\n<\/p>\n","protected":false},"excerpt":{"rendered":"<p>Adres Erci\u015f Yolu Seyrantepe mah. Do\u011fu toptanc\u0131lar sitesi G blok no:13 TU\u015eBA \/ VAN Phone Whatsapp \u0130leti\u015fim: \u00a00535 232 79 46 Email adnantas12@gmail.com<\/p>\n","protected":false},"author":1,"featured_media":0,"parent":0,"menu_order":0,"comment_status":"closed","ping_status":"closed","template":"","meta":{"_mi_skip_tracking":false,"footnotes":""},"class_list":["post-272","page","type-page","status-publish","hentry"],"_links":{"self":[{"href":"https:\/\/adnmobilya.com\/index.php\/wp-json\/wp\/v2\/pages\/272","targetHints":{"allow":["GET"]}}],"collection":[{"href":"https:\/\/adnmobilya.com\/index.php\/wp-json\/wp\/v2\/pages"}],"about":[{"href":"https:\/\/adnmobilya.com\/index.php\/wp-json\/wp\/v2\/types\/page"}],"author":[{"embeddable":true,"href":"https:\/\/adnmobilya.com\/index.php\/wp-json\/wp\/v2\/users\/1"}],"replies":[{"embeddable":true,"href":"https:\/\/adnmobilya.com\/index.php\/wp-json\/wp\/v2\/comments?post=272"}],"version-history":[{"count":10,"href":"https:\/\/adnmobilya.com\/index.php\/wp-json\/wp\/v2\/pages\/272\/revisions"}],"predecessor-version":[{"id":983,"href":"https:\/\/adnmobilya.com\/index.php\/wp-json\/wp\/v2\/pages\/272\/revisions\/983"}],"wp:attachment":[{"href":"https:\/\/adnmobilya.com\/index.php\/wp-json\/wp\/v2\/media?parent=272"}],"curies":[{"name":"wp","href":"https:\/\/api.w.org\/{rel}","templated":true}]}}