{"id":18,"date":"2019-11-14T21:07:44","date_gmt":"2019-11-14T21:07:44","guid":{"rendered":"https:\/\/emso.progressionstudios.com\/?page_id=18"},"modified":"2023-09-24T00:09:26","modified_gmt":"2023-09-23T21:09:26","slug":"about","status":"publish","type":"page","link":"https:\/\/adnmobilya.com\/index.php\/about\/","title":{"rendered":"Hakk\u0131m\u0131zda"},"content":{"rendered":"<h5>ADN Mobilya 2000&#8217;li y\u0131llarda \u0130stanbul \u0130kitelli&#8217;de Masko Mobilya ad\u0131 alt\u0131nda ser\u00fcvenine ba\u015flad\u0131. \u0130stanbul&#8217;da devam eden firma baz\u0131 de\u011fi\u015fikliklere giderek Van merkeze ta\u015f\u0131nd\u0131. Firmam\u0131z mobilya sekt\u00f6r\u00fcnde vermi\u015f oldu\u011fu kaliteli hizmet, ham madde ve i\u015f\u00e7ilikle m\u00fc\u015fterilerimize en do\u011fru hizmeti sunmaktad\u0131r. \u00dcretim a\u015famas\u0131nda her alanda kaliteyi ve m\u00fc\u015fteri memnuniyetini kendisine ilke edinmi\u015ftir. Proje a\u015famas\u0131nda bilgisayarda profesyonel \u00e7izim programlar\u0131 ile talepleriniz 3d g\u00f6rseller ile size \u00fcretim \u00f6ncesi sunum yap\u0131lmaktad\u0131r. Firmam\u0131z 2021 y\u0131l\u0131nda Van&#8217;da bir ilke imza atarak Almanya&#8217;ya ihracata ba\u015flam\u0131\u015f ve halen devam etmektedir.<\/h5>\n<p><strong>Firmam\u0131z, Adn Design tescilli bir markad\u0131r.<\/strong><\/p>\n","protected":false},"excerpt":{"rendered":"<p>ADN Mobilya 2000&#8217;li y\u0131llarda \u0130stanbul \u0130kitelli&#8217;de Masko Mobilya ad\u0131 alt\u0131nda ser\u00fcvenine ba\u015flad\u0131. \u0130stanbul&#8217;da devam eden firma baz\u0131 de\u011fi\u015fikliklere giderek Van merkeze ta\u015f\u0131nd\u0131. Firmam\u0131z mobilya sekt\u00f6r\u00fcnde vermi\u015f oldu\u011fu kaliteli hizmet, ham madde ve i\u015f\u00e7ilikle m\u00fc\u015fterilerimize en do\u011fru hizmeti sunmaktad\u0131r. \u00dcretim a\u015famas\u0131nda her alanda kaliteyi ve m\u00fc\u015fteri memnuniyetini kendisine ilke edinmi\u015ftir. Proje a\u015famas\u0131nda bilgisayarda profesyonel \u00e7izim programlar\u0131 [&hellip;]<\/p>\n","protected":false},"author":1,"featured_media":0,"parent":0,"menu_order":0,"comment_status":"closed","ping_status":"closed","template":"","meta":{"_mi_skip_tracking":false,"footnotes":""},"class_list":["post-18","page","type-page","status-publish","hentry"],"_links":{"self":[{"href":"https:\/\/adnmobilya.com\/index.php\/wp-json\/wp\/v2\/pages\/18","targetHints":{"allow":["GET"]}}],"collection":[{"href":"https:\/\/adnmobilya.com\/index.php\/wp-json\/wp\/v2\/pages"}],"about":[{"href":"https:\/\/adnmobilya.com\/index.php\/wp-json\/wp\/v2\/types\/page"}],"author":[{"embeddable":true,"href":"https:\/\/adnmobilya.com\/index.php\/wp-json\/wp\/v2\/users\/1"}],"replies":[{"embeddable":true,"href":"https:\/\/adnmobilya.com\/index.php\/wp-json\/wp\/v2\/comments?post=18"}],"version-history":[{"count":12,"href":"https:\/\/adnmobilya.com\/index.php\/wp-json\/wp\/v2\/pages\/18\/revisions"}],"predecessor-version":[{"id":874,"href":"https:\/\/adnmobilya.com\/index.php\/wp-json\/wp\/v2\/pages\/18\/revisions\/874"}],"wp:attachment":[{"href":"https:\/\/adnmobilya.com\/index.php\/wp-json\/wp\/v2\/media?parent=18"}],"curies":[{"name":"wp","href":"https:\/\/api.w.org\/{rel}","templated":true}]}}